{"id":11,"date":"2026-05-14T19:09:16","date_gmt":"2026-05-14T19:09:16","guid":{"rendered":"https:\/\/fisioterapeutagabrieldelavega.com\/?page_id=11"},"modified":"2026-05-14T19:29:15","modified_gmt":"2026-05-14T19:29:15","slug":"inicio","status":"publish","type":"page","link":"https:\/\/fisioterapeutagabrieldelavega.com\/","title":{"rendered":"Inicio"},"content":{"rendered":"","protected":false},"excerpt":{"rendered":"","protected":false},"author":1,"featured_media":0,"parent":0,"menu_order":0,"comment_status":"closed","ping_status":"closed","template":"","meta":{"footnotes":""},"class_list":["post-11","page","type-page","status-publish","hentry"],"yoast_head":"<!-- This site is optimized with the Yoast SEO plugin v27.6 - https:\/\/yoast.com\/product\/yoast-seo-wordpress\/ -->\n<title>Gabriel de la Vega, Fisioterapeuta en Tlaxcalancingo, Especialista en traumatologia y lesiones deportivas<\/title>\n<meta name=\"description\" content=\"fisioterapeuta en puebla, fisioterapeuta en angelopolis, fisioterapeuta cerca de m\u00ed, fisioterapia deportiva puebla, fisioterapeuta en puebla, rehabilitaci\u00f3n postquir\u00fargica, terapia f\u00edsica post cirug\u00eda, terapia f\u00edsica traumatol\u00f3gica, lesiones deportivas puebla\" \/>\n<meta name=\"robots\" content=\"index, follow, max-snippet:-1, max-image-preview:large, max-video-preview:-1\" \/>\n<link rel=\"canonical\" href=\"https:\/\/fisioterapeutagabrieldelavega.com\/\" \/>\n<meta property=\"og:locale\" content=\"es_ES\" \/>\n<meta property=\"og:type\" content=\"article\" \/>\n<meta property=\"og:title\" content=\"Gabriel de la Vega, Fisioterapeuta en Tlaxcalancingo, Especialista en traumatologia y lesiones deportivas\" \/>\n<meta property=\"og:description\" content=\"fisioterapeuta en puebla, fisioterapeuta en angelopolis, fisioterapeuta cerca de m\u00ed, fisioterapia deportiva puebla, fisioterapeuta en puebla, rehabilitaci\u00f3n postquir\u00fargica, terapia f\u00edsica post cirug\u00eda, terapia f\u00edsica traumatol\u00f3gica, lesiones deportivas puebla\" \/>\n<meta property=\"og:url\" content=\"https:\/\/fisioterapeutagabrieldelavega.com\/\" \/>\n<meta property=\"og:site_name\" content=\"EDUARDO GABRIEL CABRERA DE LA VEGA\" \/>\n<meta property=\"article:modified_time\" content=\"2026-05-14T19:29:15+00:00\" \/>\n<meta name=\"twitter:card\" content=\"summary_large_image\" \/>\n<script type=\"application\/ld+json\" class=\"yoast-schema-graph\">{\"@context\":\"https:\\\/\\\/schema.org\",\"@graph\":[{\"@type\":\"WebPage\",\"@id\":\"https:\\\/\\\/fisioterapeutagabrieldelavega.com\\\/\",\"url\":\"https:\\\/\\\/fisioterapeutagabrieldelavega.com\\\/\",\"name\":\"Gabriel de la Vega, Fisioterapeuta en Tlaxcalancingo, Especialista en traumatologia y lesiones deportivas\",\"isPartOf\":{\"@id\":\"https:\\\/\\\/fisioterapeutagabrieldelavega.com\\\/#website\"},\"datePublished\":\"2026-05-14T19:09:16+00:00\",\"dateModified\":\"2026-05-14T19:29:15+00:00\",\"description\":\"fisioterapeuta en puebla, fisioterapeuta en angelopolis, fisioterapeuta cerca de m\u00ed, fisioterapia deportiva puebla, fisioterapeuta en puebla, rehabilitaci\u00f3n postquir\u00fargica, terapia f\u00edsica post cirug\u00eda, terapia f\u00edsica traumatol\u00f3gica, lesiones deportivas puebla\",\"breadcrumb\":{\"@id\":\"https:\\\/\\\/fisioterapeutagabrieldelavega.com\\\/#breadcrumb\"},\"inLanguage\":\"es\",\"potentialAction\":[{\"@type\":\"ReadAction\",\"target\":[\"https:\\\/\\\/fisioterapeutagabrieldelavega.com\\\/\"]}]},{\"@type\":\"BreadcrumbList\",\"@id\":\"https:\\\/\\\/fisioterapeutagabrieldelavega.com\\\/#breadcrumb\",\"itemListElement\":[{\"@type\":\"ListItem\",\"position\":1,\"name\":\"Portada\",\"item\":\"https:\\\/\\\/fisioterapeutagabrieldelavega.com\\\/\"},{\"@type\":\"ListItem\",\"position\":2,\"name\":\"Inicio\"}]},{\"@type\":\"WebSite\",\"@id\":\"https:\\\/\\\/fisioterapeutagabrieldelavega.com\\\/#website\",\"url\":\"https:\\\/\\\/fisioterapeutagabrieldelavega.com\\\/\",\"name\":\"EDUARDO GABRIEL CABRERA DE LA VEGA\",\"description\":\"\",\"potentialAction\":[{\"@type\":\"SearchAction\",\"target\":{\"@type\":\"EntryPoint\",\"urlTemplate\":\"https:\\\/\\\/fisioterapeutagabrieldelavega.com\\\/?s={search_term_string}\"},\"query-input\":{\"@type\":\"PropertyValueSpecification\",\"valueRequired\":true,\"valueName\":\"search_term_string\"}}],\"inLanguage\":\"es\"}]}<\/script>\n<!-- \/ Yoast SEO plugin. -->","yoast_head_json":{"title":"Gabriel de la Vega, Fisioterapeuta en Tlaxcalancingo, Especialista en traumatologia y lesiones deportivas","description":"fisioterapeuta en puebla, fisioterapeuta en angelopolis, fisioterapeuta cerca de m\u00ed, fisioterapia deportiva puebla, fisioterapeuta en puebla, rehabilitaci\u00f3n postquir\u00fargica, terapia f\u00edsica post cirug\u00eda, terapia f\u00edsica traumatol\u00f3gica, lesiones deportivas puebla","robots":{"index":"index","follow":"follow","max-snippet":"max-snippet:-1","max-image-preview":"max-image-preview:large","max-video-preview":"max-video-preview:-1"},"canonical":"https:\/\/fisioterapeutagabrieldelavega.com\/","og_locale":"es_ES","og_type":"article","og_title":"Gabriel de la Vega, Fisioterapeuta en Tlaxcalancingo, Especialista en traumatologia y lesiones deportivas","og_description":"fisioterapeuta en puebla, fisioterapeuta en angelopolis, fisioterapeuta cerca de m\u00ed, fisioterapia deportiva puebla, fisioterapeuta en puebla, rehabilitaci\u00f3n postquir\u00fargica, terapia f\u00edsica post cirug\u00eda, terapia f\u00edsica traumatol\u00f3gica, lesiones deportivas puebla","og_url":"https:\/\/fisioterapeutagabrieldelavega.com\/","og_site_name":"EDUARDO GABRIEL CABRERA DE LA VEGA","article_modified_time":"2026-05-14T19:29:15+00:00","twitter_card":"summary_large_image","schema":{"@context":"https:\/\/schema.org","@graph":[{"@type":"WebPage","@id":"https:\/\/fisioterapeutagabrieldelavega.com\/","url":"https:\/\/fisioterapeutagabrieldelavega.com\/","name":"Gabriel de la Vega, Fisioterapeuta en Tlaxcalancingo, Especialista en traumatologia y lesiones deportivas","isPartOf":{"@id":"https:\/\/fisioterapeutagabrieldelavega.com\/#website"},"datePublished":"2026-05-14T19:09:16+00:00","dateModified":"2026-05-14T19:29:15+00:00","description":"fisioterapeuta en puebla, fisioterapeuta en angelopolis, fisioterapeuta cerca de m\u00ed, fisioterapia deportiva puebla, fisioterapeuta en puebla, rehabilitaci\u00f3n postquir\u00fargica, terapia f\u00edsica post cirug\u00eda, terapia f\u00edsica traumatol\u00f3gica, lesiones deportivas puebla","breadcrumb":{"@id":"https:\/\/fisioterapeutagabrieldelavega.com\/#breadcrumb"},"inLanguage":"es","potentialAction":[{"@type":"ReadAction","target":["https:\/\/fisioterapeutagabrieldelavega.com\/"]}]},{"@type":"BreadcrumbList","@id":"https:\/\/fisioterapeutagabrieldelavega.com\/#breadcrumb","itemListElement":[{"@type":"ListItem","position":1,"name":"Portada","item":"https:\/\/fisioterapeutagabrieldelavega.com\/"},{"@type":"ListItem","position":2,"name":"Inicio"}]},{"@type":"WebSite","@id":"https:\/\/fisioterapeutagabrieldelavega.com\/#website","url":"https:\/\/fisioterapeutagabrieldelavega.com\/","name":"EDUARDO GABRIEL CABRERA DE LA VEGA","description":"","potentialAction":[{"@type":"SearchAction","target":{"@type":"EntryPoint","urlTemplate":"https:\/\/fisioterapeutagabrieldelavega.com\/?s={search_term_string}"},"query-input":{"@type":"PropertyValueSpecification","valueRequired":true,"valueName":"search_term_string"}}],"inLanguage":"es"}]}},"_links":{"self":[{"href":"https:\/\/fisioterapeutagabrieldelavega.com\/index.php?rest_route=\/wp\/v2\/pages\/11","targetHints":{"allow":["GET"]}}],"collection":[{"href":"https:\/\/fisioterapeutagabrieldelavega.com\/index.php?rest_route=\/wp\/v2\/pages"}],"about":[{"href":"https:\/\/fisioterapeutagabrieldelavega.com\/index.php?rest_route=\/wp\/v2\/types\/page"}],"author":[{"embeddable":true,"href":"https:\/\/fisioterapeutagabrieldelavega.com\/index.php?rest_route=\/wp\/v2\/users\/1"}],"replies":[{"embeddable":true,"href":"https:\/\/fisioterapeutagabrieldelavega.com\/index.php?rest_route=%2Fwp%2Fv2%2Fcomments&post=11"}],"version-history":[{"count":5,"href":"https:\/\/fisioterapeutagabrieldelavega.com\/index.php?rest_route=\/wp\/v2\/pages\/11\/revisions"}],"predecessor-version":[{"id":68,"href":"https:\/\/fisioterapeutagabrieldelavega.com\/index.php?rest_route=\/wp\/v2\/pages\/11\/revisions\/68"}],"wp:attachment":[{"href":"https:\/\/fisioterapeutagabrieldelavega.com\/index.php?rest_route=%2Fwp%2Fv2%2Fmedia&parent=11"}],"curies":[{"name":"wp","href":"https:\/\/api.w.org\/{rel}","templated":true}]}}